{"id":1112,"date":"2023-11-27T23:07:22","date_gmt":"2023-11-27T23:07:22","guid":{"rendered":"https:\/\/pepacontes.cat\/?page_id=1112"},"modified":"2024-03-03T11:12:54","modified_gmt":"2024-03-03T11:12:54","slug":"contes-a-la-carta","status":"publish","type":"page","link":"https:\/\/pepacontes.cat\/index.php\/contes-a-la-carta\/","title":{"rendered":"Contes a la carta"},"content":{"rendered":"\t\t<div data-elementor-type=\"wp-page\" data-elementor-id=\"1112\" class=\"elementor elementor-1112\">\n\t\t\t\t\t\t\t\t\t<section class=\"elementor-section elementor-top-section elementor-element elementor-element-2a9d12d elementor-section-boxed elementor-section-height-default elementor-section-height-default\" data-id=\"2a9d12d\" data-element_type=\"section\">\n\t\t\t\t\t\t<div class=\"elementor-container elementor-column-gap-default\">\n\t\t\t\t\t<div class=\"elementor-column elementor-col-100 elementor-top-column elementor-element elementor-element-9677735\" data-id=\"9677735\" data-element_type=\"column\">\n\t\t\t<div class=\"elementor-widget-wrap elementor-element-populated\">\n\t\t\t\t\t\t\t\t<div class=\"elementor-element elementor-element-ba730dd elementor-widget elementor-widget-text-editor\" data-id=\"ba730dd\" data-element_type=\"widget\" data-widget_type=\"text-editor.default\">\n\t\t\t\t<div class=\"elementor-widget-container\">\n\t\t\t<style>\/*! elementor - v3.17.0 - 08-11-2023 *\/\n.elementor-widget-text-editor.elementor-drop-cap-view-stacked .elementor-drop-cap{background-color:#69727d;color:#fff}.elementor-widget-text-editor.elementor-drop-cap-view-framed .elementor-drop-cap{color:#69727d;border:3px solid;background-color:transparent}.elementor-widget-text-editor:not(.elementor-drop-cap-view-default) .elementor-drop-cap{margin-top:8px}.elementor-widget-text-editor:not(.elementor-drop-cap-view-default) .elementor-drop-cap-letter{width:1em;height:1em}.elementor-widget-text-editor .elementor-drop-cap{float:left;text-align:center;line-height:1;font-size:50px}.elementor-widget-text-editor .elementor-drop-cap-letter{display:inline-block}<\/style>\t\t\t\t<p><span style=\"font-weight: 400;\">Em podeu demanar que us prepari una sessi\u00f3 de contes a la vostra mida.<\/span><\/p><p><span style=\"font-weight: 400;\">Prepareu un esdeveniment? Heu decidit tractar un tema concret? Voleu celebrar un fet hist\u00f2ric, un homenatge&#8230; I ho voleu fer amb contes, poesia o amb una teatralitzaci\u00f3? Demaneu-m&#8217;ho. La Pepa pot trobar la manera de fer aterrar la vostra idea, encara que sigui volada. Poseu-vos-hi en contacte i en parlarem.<\/span><\/p>\t\t\t\t\t\t<\/div>\n\t\t\t\t<\/div>\n\t\t\t\t\t<\/div>\n\t\t<\/div>\n\t\t\t\t\t\t\t<\/div>\n\t\t<\/section>\n\t\t\t\t\t\t\t<\/div>\n\t\t","protected":false},"excerpt":{"rendered":"<p>Em podeu demanar que us prepari una sessi\u00f3 de contes a la vostra mida. Prepareu un esdeveniment? Heu decidit tractar un tema concret? Voleu celebrar un fet hist\u00f2ric, un homenatge&#8230; I ho voleu fer amb contes, poesia o amb una teatralitzaci\u00f3? Demaneu-m&#8217;ho. La Pepa pot trobar la manera de fer aterrar la vostra idea, encara [&hellip;]<\/p>\n","protected":false},"author":3,"featured_media":0,"parent":0,"menu_order":0,"comment_status":"closed","ping_status":"closed","template":"","meta":{"footnotes":""},"class_list":["post-1112","page","type-page","status-publish","hentry"],"_links":{"self":[{"href":"https:\/\/pepacontes.cat\/index.php\/wp-json\/wp\/v2\/pages\/1112","targetHints":{"allow":["GET"]}}],"collection":[{"href":"https:\/\/pepacontes.cat\/index.php\/wp-json\/wp\/v2\/pages"}],"about":[{"href":"https:\/\/pepacontes.cat\/index.php\/wp-json\/wp\/v2\/types\/page"}],"author":[{"embeddable":true,"href":"https:\/\/pepacontes.cat\/index.php\/wp-json\/wp\/v2\/users\/3"}],"replies":[{"embeddable":true,"href":"https:\/\/pepacontes.cat\/index.php\/wp-json\/wp\/v2\/comments?post=1112"}],"version-history":[{"count":7,"href":"https:\/\/pepacontes.cat\/index.php\/wp-json\/wp\/v2\/pages\/1112\/revisions"}],"predecessor-version":[{"id":1423,"href":"https:\/\/pepacontes.cat\/index.php\/wp-json\/wp\/v2\/pages\/1112\/revisions\/1423"}],"wp:attachment":[{"href":"https:\/\/pepacontes.cat\/index.php\/wp-json\/wp\/v2\/media?parent=1112"}],"curies":[{"name":"wp","href":"https:\/\/api.w.org\/{rel}","templated":true}]}}