{"id":41,"date":"2023-07-11T15:32:37","date_gmt":"2023-07-11T15:32:37","guid":{"rendered":"https:\/\/pepacontes.cat\/?page_id=41"},"modified":"2023-11-25T21:16:16","modified_gmt":"2023-11-25T21:16:16","slug":"qui-soc","status":"publish","type":"page","link":"https:\/\/pepacontes.cat\/index.php\/qui-soc\/","title":{"rendered":"qui s\u00f3c?"},"content":{"rendered":"\t\t<div data-elementor-type=\"wp-page\" data-elementor-id=\"41\" class=\"elementor elementor-41\">\n\t\t\t\t\t\t\t\t\t<section class=\"elementor-section elementor-top-section elementor-element elementor-element-cc3720c elementor-section-full_width elementor-section-height-default elementor-section-height-default\" data-id=\"cc3720c\" data-element_type=\"section\">\n\t\t\t\t\t\t<div class=\"elementor-container elementor-column-gap-default\">\n\t\t\t\t\t<div class=\"elementor-column elementor-col-100 elementor-top-column elementor-element elementor-element-810d9f5\" data-id=\"810d9f5\" data-element_type=\"column\">\n\t\t\t<div class=\"elementor-widget-wrap elementor-element-populated\">\n\t\t\t\t\t\t\t\t<div class=\"elementor-element elementor-element-cae015a elementor-widget elementor-widget-image\" data-id=\"cae015a\" data-element_type=\"widget\" data-widget_type=\"image.default\">\n\t\t\t\t<div class=\"elementor-widget-container\">\n\t\t\t<style>\/*! elementor - v3.17.0 - 08-11-2023 *\/\n.elementor-widget-image{text-align:center}.elementor-widget-image a{display:inline-block}.elementor-widget-image a img[src$=\".svg\"]{width:48px}.elementor-widget-image img{vertical-align:middle;display:inline-block}<\/style>\t\t\t\t\t\t\t\t\t\t\t\t<img loading=\"lazy\" decoding=\"async\" width=\"1024\" height=\"687\" src=\"https:\/\/pepacontes.cat\/wp-content\/uploads\/2023\/11\/IMG_5910-_1_-1024x687.jpg\" class=\"attachment-large size-large wp-image-1080\" alt=\"\" srcset=\"https:\/\/pepacontes.cat\/wp-content\/uploads\/2023\/11\/IMG_5910-_1_-1024x687.jpg 1024w, https:\/\/pepacontes.cat\/wp-content\/uploads\/2023\/11\/IMG_5910-_1_-300x201.jpg 300w, https:\/\/pepacontes.cat\/wp-content\/uploads\/2023\/11\/IMG_5910-_1_-768x515.jpg 768w, https:\/\/pepacontes.cat\/wp-content\/uploads\/2023\/11\/IMG_5910-_1_-1536x1031.jpg 1536w, https:\/\/pepacontes.cat\/wp-content\/uploads\/2023\/11\/IMG_5910-_1_-2048x1374.jpg 2048w\" sizes=\"auto, (max-width: 1024px) 100vw, 1024px\" \/>\t\t\t\t\t\t\t\t\t\t\t\t\t\t\t<\/div>\n\t\t\t\t<\/div>\n\t\t\t\t<div class=\"elementor-element elementor-element-f9da8ae elementor-widget elementor-widget-heading\" data-id=\"f9da8ae\" data-element_type=\"widget\" data-widget_type=\"heading.default\">\n\t\t\t\t<div class=\"elementor-widget-container\">\n\t\t\t<style>\/*! elementor - v3.17.0 - 08-11-2023 *\/\n.elementor-heading-title{padding:0;margin:0;line-height:1}.elementor-widget-heading .elementor-heading-title[class*=elementor-size-]>a{color:inherit;font-size:inherit;line-height:inherit}.elementor-widget-heading .elementor-heading-title.elementor-size-small{font-size:15px}.elementor-widget-heading .elementor-heading-title.elementor-size-medium{font-size:19px}.elementor-widget-heading .elementor-heading-title.elementor-size-large{font-size:29px}.elementor-widget-heading .elementor-heading-title.elementor-size-xl{font-size:39px}.elementor-widget-heading .elementor-heading-title.elementor-size-xxl{font-size:59px}<\/style><h2 class=\"elementor-heading-title elementor-size-default\">Pepa Contes<\/h2>\t\t<\/div>\n\t\t\t\t<\/div>\n\t\t\t\t<div class=\"elementor-element elementor-element-de4108b elementor-widget elementor-widget-text-editor\" data-id=\"de4108b\" data-element_type=\"widget\" data-widget_type=\"text-editor.default\">\n\t\t\t\t<div class=\"elementor-widget-container\">\n\t\t\t<style>\/*! elementor - v3.17.0 - 08-11-2023 *\/\n.elementor-widget-text-editor.elementor-drop-cap-view-stacked .elementor-drop-cap{background-color:#69727d;color:#fff}.elementor-widget-text-editor.elementor-drop-cap-view-framed .elementor-drop-cap{color:#69727d;border:3px solid;background-color:transparent}.elementor-widget-text-editor:not(.elementor-drop-cap-view-default) .elementor-drop-cap{margin-top:8px}.elementor-widget-text-editor:not(.elementor-drop-cap-view-default) .elementor-drop-cap-letter{width:1em;height:1em}.elementor-widget-text-editor .elementor-drop-cap{float:left;text-align:center;line-height:1;font-size:50px}.elementor-widget-text-editor .elementor-drop-cap-letter{display:inline-block}<\/style>\t\t\t\t<p>Pepa Contes \u00e9s Josepa Elisenda Llobet i Mart\u00ed, actriu i contista. Conta i canta contes des del 1996, els primers quatre anys en format teatral amb les companyies Ralet Ralet i Pa\u00eds de Xauxa. El 1998 va entrar a formar part del grup de narradors de la campanya que engegava la Diputaci\u00f3 de Girona juntament amb les biblioteques i El Galliner a les biblioteques gironines: \u00abEl rac\u00f3 dels contes\u00bb. Va ser membre fundadora del col\u00b7lectiu de contistes Va de Contes, del 1999 al 2010, moment en qu\u00e8 va ren\u00e9ixer professionalment com a Pepa Contes. Ha dut a terme visites teatralitzades a la Fontana d\u2019Or, al Museu d\u2019Hist\u00f2ria de Catalunya, a Sant Pere de Rodes i al monestir de Vilabertran. Va ser l\u2019encarregada de desplegar el Pla Local de Lectura P\u00fablica de Salt durant els tres primers anys de vida del Pla (del 2006 al 2009), per\u00edode en qu\u00e8 es va dedicar a fer entrar el gust per la lectura a tots els nens i nenes escolaritzats de dos a catorze anys de Salt. Va crear el Bressol de Contes, un espai des d\u2019on ha potenciat el valor dels contes i la lectura en fam\u00edlia. Durant el 2010, ja amb el nom de Pepa Contes, va voltar per totes les biblioteques catalanes adherides a la Unesco fent audicions de poesia per a infants. D\u2019aleshores en\u00e7\u00e0 ha seguit entrant, amb les seves paraules, al cor dels infants i dels adults que li ho han perm\u00e8s, sigui a les biblioteques, a les escoles o a les places. Des del desembre del 2014, moment en qu\u00e8 s\u2019estren\u00e0 la nova seu de la Biblioteca Carles Rahola de Girona, fins al setembre de 2017 va dinamitzar l\u2019espai familiar Primera Lectura, acostant amorosament la lectura al bressol en forma de ballmanetes i ajudant les fam\u00edlies a potenciar el vincle amb els fills a trav\u00e9s dels llibres i els contes. Des del 2018 dinamitza i potencia la lectura a les escoles. \u00c9s membre de l\u2019Associaci\u00f3 Gironina de Teatre El Galliner.<\/p>\t\t\t\t\t\t<\/div>\n\t\t\t\t<\/div>\n\t\t\t\t\t<\/div>\n\t\t<\/div>\n\t\t\t\t\t\t\t<\/div>\n\t\t<\/section>\n\t\t\t\t\t\t\t<\/div>\n\t\t","protected":false},"excerpt":{"rendered":"<p>Pepa Contes Pepa Contes \u00e9s Josepa Elisenda Llobet i Mart\u00ed, actriu i contista. Conta i canta contes des del 1996, els primers quatre anys en format teatral amb les companyies Ralet Ralet i Pa\u00eds de Xauxa. El 1998 va entrar a formar part del grup de narradors de la campanya que engegava la Diputaci\u00f3 de [&hellip;]<\/p>\n","protected":false},"author":3,"featured_media":0,"parent":0,"menu_order":0,"comment_status":"closed","ping_status":"closed","template":"","meta":{"footnotes":""},"class_list":["post-41","page","type-page","status-publish","hentry"],"_links":{"self":[{"href":"https:\/\/pepacontes.cat\/index.php\/wp-json\/wp\/v2\/pages\/41","targetHints":{"allow":["GET"]}}],"collection":[{"href":"https:\/\/pepacontes.cat\/index.php\/wp-json\/wp\/v2\/pages"}],"about":[{"href":"https:\/\/pepacontes.cat\/index.php\/wp-json\/wp\/v2\/types\/page"}],"author":[{"embeddable":true,"href":"https:\/\/pepacontes.cat\/index.php\/wp-json\/wp\/v2\/users\/3"}],"replies":[{"embeddable":true,"href":"https:\/\/pepacontes.cat\/index.php\/wp-json\/wp\/v2\/comments?post=41"}],"version-history":[{"count":19,"href":"https:\/\/pepacontes.cat\/index.php\/wp-json\/wp\/v2\/pages\/41\/revisions"}],"predecessor-version":[{"id":1090,"href":"https:\/\/pepacontes.cat\/index.php\/wp-json\/wp\/v2\/pages\/41\/revisions\/1090"}],"wp:attachment":[{"href":"https:\/\/pepacontes.cat\/index.php\/wp-json\/wp\/v2\/media?parent=41"}],"curies":[{"name":"wp","href":"https:\/\/api.w.org\/{rel}","templated":true}]}}