{"id":681,"date":"2023-11-22T14:36:52","date_gmt":"2023-11-22T14:36:52","guid":{"rendered":"https:\/\/pepacontes.cat\/?page_id=681"},"modified":"2024-03-03T11:11:55","modified_gmt":"2024-03-03T11:11:55","slug":"contes-per-adults","status":"publish","type":"page","link":"https:\/\/pepacontes.cat\/index.php\/contes-per-adults\/","title":{"rendered":"Contes per adults"},"content":{"rendered":"\t\t<div data-elementor-type=\"wp-page\" data-elementor-id=\"681\" class=\"elementor elementor-681\">\n\t\t\t\t\t\t\t\t\t<section class=\"elementor-section elementor-top-section elementor-element elementor-element-30e0163 elementor-section-boxed elementor-section-height-default elementor-section-height-default\" data-id=\"30e0163\" data-element_type=\"section\">\n\t\t\t\t\t\t<div class=\"elementor-container elementor-column-gap-default\">\n\t\t\t\t\t<div class=\"elementor-column elementor-col-100 elementor-top-column elementor-element elementor-element-a3f3ed2\" data-id=\"a3f3ed2\" data-element_type=\"column\">\n\t\t\t<div class=\"elementor-widget-wrap elementor-element-populated\">\n\t\t\t\t\t\t\t\t<div class=\"elementor-element elementor-element-ed32cef elementor-widget elementor-widget-text-editor\" data-id=\"ed32cef\" data-element_type=\"widget\" data-widget_type=\"text-editor.default\">\n\t\t\t\t<div class=\"elementor-widget-container\">\n\t\t\t<style>\/*! elementor - v3.17.0 - 08-11-2023 *\/\n.elementor-widget-text-editor.elementor-drop-cap-view-stacked .elementor-drop-cap{background-color:#69727d;color:#fff}.elementor-widget-text-editor.elementor-drop-cap-view-framed .elementor-drop-cap{color:#69727d;border:3px solid;background-color:transparent}.elementor-widget-text-editor:not(.elementor-drop-cap-view-default) .elementor-drop-cap{margin-top:8px}.elementor-widget-text-editor:not(.elementor-drop-cap-view-default) .elementor-drop-cap-letter{width:1em;height:1em}.elementor-widget-text-editor .elementor-drop-cap{float:left;text-align:center;line-height:1;font-size:50px}.elementor-widget-text-editor .elementor-drop-cap-letter{display:inline-block}<\/style>\t\t\t\t<p><span style=\"font-weight: 400;\">Narracions de contes per a p\u00fablic a partir de 16 anys<\/span><\/p>\t\t\t\t\t\t<\/div>\n\t\t\t\t<\/div>\n\t\t\t\t<div class=\"elementor-element elementor-element-1f0d2ca elementor-widget elementor-widget-spacer\" data-id=\"1f0d2ca\" data-element_type=\"widget\" data-widget_type=\"spacer.default\">\n\t\t\t\t<div class=\"elementor-widget-container\">\n\t\t\t<style>\/*! elementor - v3.17.0 - 08-11-2023 *\/\n.elementor-column .elementor-spacer-inner{height:var(--spacer-size)}.e-con{--container-widget-width:100%}.e-con-inner>.elementor-widget-spacer,.e-con>.elementor-widget-spacer{width:var(--container-widget-width,var(--spacer-size));--align-self:var(--container-widget-align-self,initial);--flex-shrink:0}.e-con-inner>.elementor-widget-spacer>.elementor-widget-container,.e-con>.elementor-widget-spacer>.elementor-widget-container{height:100%;width:100%}.e-con-inner>.elementor-widget-spacer>.elementor-widget-container>.elementor-spacer,.e-con>.elementor-widget-spacer>.elementor-widget-container>.elementor-spacer{height:100%}.e-con-inner>.elementor-widget-spacer>.elementor-widget-container>.elementor-spacer>.elementor-spacer-inner,.e-con>.elementor-widget-spacer>.elementor-widget-container>.elementor-spacer>.elementor-spacer-inner{height:var(--container-widget-height,var(--spacer-size))}.e-con-inner>.elementor-widget-spacer.elementor-widget-empty,.e-con>.elementor-widget-spacer.elementor-widget-empty{position:relative;min-height:22px;min-width:22px}.e-con-inner>.elementor-widget-spacer.elementor-widget-empty .elementor-widget-empty-icon,.e-con>.elementor-widget-spacer.elementor-widget-empty .elementor-widget-empty-icon{position:absolute;top:0;bottom:0;left:0;right:0;margin:auto;padding:0;width:22px;height:22px}<\/style>\t\t<div class=\"elementor-spacer\">\n\t\t\t<div class=\"elementor-spacer-inner\"><\/div>\n\t\t<\/div>\n\t\t\t\t<\/div>\n\t\t\t\t<\/div>\n\t\t\t\t\t<\/div>\n\t\t<\/div>\n\t\t\t\t\t\t\t<\/div>\n\t\t<\/section>\n\t\t\t\t<section class=\"elementor-section elementor-top-section elementor-element elementor-element-89174da elementor-section-boxed elementor-section-height-default elementor-section-height-default\" data-id=\"89174da\" data-element_type=\"section\">\n\t\t\t\t\t\t<div class=\"elementor-container elementor-column-gap-default\">\n\t\t\t\t\t<div class=\"elementor-column elementor-col-100 elementor-top-column elementor-element elementor-element-b2ad31d\" data-id=\"b2ad31d\" data-element_type=\"column\">\n\t\t\t<div class=\"elementor-widget-wrap elementor-element-populated\">\n\t\t\t\t\t\t\t\t<div class=\"elementor-element elementor-element-04bb087 elementor-widget elementor-widget-heading\" data-id=\"04bb087\" data-element_type=\"widget\" data-widget_type=\"heading.default\">\n\t\t\t\t<div class=\"elementor-widget-container\">\n\t\t\t<style>\/*! elementor - v3.17.0 - 08-11-2023 *\/\n.elementor-heading-title{padding:0;margin:0;line-height:1}.elementor-widget-heading .elementor-heading-title[class*=elementor-size-]>a{color:inherit;font-size:inherit;line-height:inherit}.elementor-widget-heading .elementor-heading-title.elementor-size-small{font-size:15px}.elementor-widget-heading .elementor-heading-title.elementor-size-medium{font-size:19px}.elementor-widget-heading .elementor-heading-title.elementor-size-large{font-size:29px}.elementor-widget-heading .elementor-heading-title.elementor-size-xl{font-size:39px}.elementor-widget-heading .elementor-heading-title.elementor-size-xxl{font-size:59px}<\/style><h2 class=\"elementor-heading-title elementor-size-default\">De pas<\/h2>\t\t<\/div>\n\t\t\t\t<\/div>\n\t\t\t\t<div class=\"elementor-element elementor-element-f424668 elementor-widget elementor-widget-image\" data-id=\"f424668\" data-element_type=\"widget\" data-widget_type=\"image.default\">\n\t\t\t\t<div class=\"elementor-widget-container\">\n\t\t\t<style>\/*! elementor - v3.17.0 - 08-11-2023 *\/\n.elementor-widget-image{text-align:center}.elementor-widget-image a{display:inline-block}.elementor-widget-image a img[src$=\".svg\"]{width:48px}.elementor-widget-image img{vertical-align:middle;display:inline-block}<\/style>\t\t\t\t\t\t\t\t\t\t\t\t<img loading=\"lazy\" decoding=\"async\" width=\"1024\" height=\"576\" src=\"https:\/\/pepacontes.cat\/wp-content\/uploads\/2023\/12\/pexels-anna-nekrashevich-8058242-1-1024x576.jpg\" class=\"attachment-large size-large wp-image-1239\" alt=\"\" srcset=\"https:\/\/pepacontes.cat\/wp-content\/uploads\/2023\/12\/pexels-anna-nekrashevich-8058242-1-1024x576.jpg 1024w, https:\/\/pepacontes.cat\/wp-content\/uploads\/2023\/12\/pexels-anna-nekrashevich-8058242-1-300x169.jpg 300w, https:\/\/pepacontes.cat\/wp-content\/uploads\/2023\/12\/pexels-anna-nekrashevich-8058242-1-768x432.jpg 768w, https:\/\/pepacontes.cat\/wp-content\/uploads\/2023\/12\/pexels-anna-nekrashevich-8058242-1-1536x864.jpg 1536w, https:\/\/pepacontes.cat\/wp-content\/uploads\/2023\/12\/pexels-anna-nekrashevich-8058242-1-2048x1152.jpg 2048w\" sizes=\"auto, (max-width: 1024px) 100vw, 1024px\" \/>\t\t\t\t\t\t\t\t\t\t\t\t\t\t\t<\/div>\n\t\t\t\t<\/div>\n\t\t\t\t<div class=\"elementor-element elementor-element-2abd15b elementor-widget elementor-widget-text-editor\" data-id=\"2abd15b\" data-element_type=\"widget\" data-widget_type=\"text-editor.default\">\n\t\t\t\t<div class=\"elementor-widget-container\">\n\t\t\t\t\t\t\t<p><span style=\"font-weight: 400;\">Pas a pas caminant per la vida descobrim, vivim, en nodrim d\u2019experi\u00e8ncies de tota mena. Ens aturem, correm, ens enfonsem, ens aixequem, cantem&#8230;<\/span><\/p><p><span style=\"font-weight: 400;\">Caminant <\/span><i><span style=\"font-weight: 400;\">De pas<\/span><\/i><span style=\"font-weight: 400;\"> per la vida trobem l\u2019ess\u00e8ncia m\u00e9s \u00edntima.<\/span><\/p><p><i><span style=\"font-weight: 400;\">De pas<\/span><\/i><span style=\"font-weight: 400;\">, un cant a l\u2019amor.<\/span><\/p><p><i><span style=\"font-weight: 400;\">De pas<\/span><\/i><span style=\"font-weight: 400;\">, reflexi\u00f3 i una presa de decisi\u00f3.<\/span><\/p><p><i><span style=\"font-weight: 400;\">De pas<\/span><\/i><span style=\"font-weight: 400;\">, el cam\u00ed degustat pas a pas.<\/span><\/p><p><span style=\"font-weight: 400;\">Narraci\u00f3 i m\u00fasica es fonen per delectar-nos i fer vibrar els nostres cors a l\u2019unis\u00f2<\/span><\/p><p><span style=\"font-weight: 400;\">Alfons Encinas \u00e9s el m\u00fasic que acompanya a Pepa contes.<\/span><\/p>\t\t\t\t\t\t<\/div>\n\t\t\t\t<\/div>\n\t\t\t\t<div class=\"elementor-element elementor-element-f05fe45 elementor-icon-list--layout-traditional elementor-list-item-link-full_width elementor-widget elementor-widget-icon-list\" data-id=\"f05fe45\" data-element_type=\"widget\" data-widget_type=\"icon-list.default\">\n\t\t\t\t<div class=\"elementor-widget-container\">\n\t\t\t<link rel=\"stylesheet\" href=\"https:\/\/pepacontes.cat\/wp-content\/plugins\/elementor\/assets\/css\/widget-icon-list.min.css\">\t\t<ul class=\"elementor-icon-list-items\">\n\t\t\t\t\t\t\t<li class=\"elementor-icon-list-item\">\n\t\t\t\t\t\t\t\t\t\t\t<span class=\"elementor-icon-list-icon\">\n\t\t\t\t\t\t\t<i aria-hidden=\"true\" class=\"far fa-clock\"><\/i>\t\t\t\t\t\t<\/span>\n\t\t\t\t\t\t\t\t\t\t<span class=\"elementor-icon-list-text\">60 minuts<\/span>\n\t\t\t\t\t\t\t\t\t<\/li>\n\t\t\t\t\t\t\t\t<li class=\"elementor-icon-list-item\">\n\t\t\t\t\t\t\t\t\t\t\t<span class=\"elementor-icon-list-icon\">\n\t\t\t\t\t\t\t<i aria-hidden=\"true\" class=\"fas fa-child\"><\/i>\t\t\t\t\t\t<\/span>\n\t\t\t\t\t\t\t\t\t\t<span class=\"elementor-icon-list-text\">A partir de 16 anys<\/span>\n\t\t\t\t\t\t\t\t\t<\/li>\n\t\t\t\t\t\t<\/ul>\n\t\t\t\t<\/div>\n\t\t\t\t<\/div>\n\t\t\t\t<div class=\"elementor-element elementor-element-d4eff21 elementor-widget elementor-widget-button\" data-id=\"d4eff21\" data-element_type=\"widget\" data-widget_type=\"button.default\">\n\t\t\t\t<div class=\"elementor-widget-container\">\n\t\t\t\t\t<div class=\"elementor-button-wrapper\">\n\t\t\t<a class=\"elementor-button elementor-button-link elementor-size-sm\" href=\"https:\/\/pepacontes.cat\/?page_id=462\" id=\"https:\/\/pepacontes.cat\/?page_id=462\">\n\t\t\t\t\t\t<span class=\"elementor-button-content-wrapper\">\n\t\t\t\t\t\t<span class=\"elementor-button-text\">Sol\u00b7licita informaci\u00f3<\/span>\n\t\t<\/span>\n\t\t\t\t\t<\/a>\n\t\t<\/div>\n\t\t\t\t<\/div>\n\t\t\t\t<\/div>\n\t\t\t\t<div class=\"elementor-element elementor-element-cf7d27d elementor-widget elementor-widget-spacer\" data-id=\"cf7d27d\" data-element_type=\"widget\" data-widget_type=\"spacer.default\">\n\t\t\t\t<div class=\"elementor-widget-container\">\n\t\t\t\t\t<div class=\"elementor-spacer\">\n\t\t\t<div class=\"elementor-spacer-inner\"><\/div>\n\t\t<\/div>\n\t\t\t\t<\/div>\n\t\t\t\t<\/div>\n\t\t\t\t\t<\/div>\n\t\t<\/div>\n\t\t\t\t\t\t\t<\/div>\n\t\t<\/section>\n\t\t\t\t\t\t\t<\/div>\n\t\t","protected":false},"excerpt":{"rendered":"<p>Narracions de contes per a p\u00fablic a partir de 16 anys De pas Pas a pas caminant per la vida descobrim, vivim, en nodrim d\u2019experi\u00e8ncies de tota mena. Ens aturem, correm, ens enfonsem, ens aixequem, cantem&#8230; Caminant De pas per la vida trobem l\u2019ess\u00e8ncia m\u00e9s \u00edntima. De pas, un cant a l\u2019amor. De pas, reflexi\u00f3 [&hellip;]<\/p>\n","protected":false},"author":3,"featured_media":0,"parent":0,"menu_order":0,"comment_status":"closed","ping_status":"closed","template":"","meta":{"footnotes":""},"class_list":["post-681","page","type-page","status-publish","hentry"],"_links":{"self":[{"href":"https:\/\/pepacontes.cat\/index.php\/wp-json\/wp\/v2\/pages\/681","targetHints":{"allow":["GET"]}}],"collection":[{"href":"https:\/\/pepacontes.cat\/index.php\/wp-json\/wp\/v2\/pages"}],"about":[{"href":"https:\/\/pepacontes.cat\/index.php\/wp-json\/wp\/v2\/types\/page"}],"author":[{"embeddable":true,"href":"https:\/\/pepacontes.cat\/index.php\/wp-json\/wp\/v2\/users\/3"}],"replies":[{"embeddable":true,"href":"https:\/\/pepacontes.cat\/index.php\/wp-json\/wp\/v2\/comments?post=681"}],"version-history":[{"count":25,"href":"https:\/\/pepacontes.cat\/index.php\/wp-json\/wp\/v2\/pages\/681\/revisions"}],"predecessor-version":[{"id":1420,"href":"https:\/\/pepacontes.cat\/index.php\/wp-json\/wp\/v2\/pages\/681\/revisions\/1420"}],"wp:attachment":[{"href":"https:\/\/pepacontes.cat\/index.php\/wp-json\/wp\/v2\/media?parent=681"}],"curies":[{"name":"wp","href":"https:\/\/api.w.org\/{rel}","templated":true}]}}